{"id":25,"date":"2024-04-15T09:33:21","date_gmt":"2024-04-15T09:33:21","guid":{"rendered":"https:\/\/edat.pl\/?page_id=25"},"modified":"2026-03-19T08:41:20","modified_gmt":"2026-03-19T08:41:20","slug":"o-nas","status":"publish","type":"page","link":"https:\/\/edat.pl\/","title":{"rendered":"O nas"},"content":{"rendered":"\n<p>Oferujemy profesjonalne wdro\u017cenia program\u00f3w do zarz\u0105dzania firm\u0105, kt\u00f3re znacz\u0105co mog\u0105 pom\u00f3c Ci w osi\u0105gni\u0119ciu cel\u00f3w biznesowych.<\/p>\n\n\n\n<p>W <strong>edat.pl <\/strong>zajmujemy si\u0119 kompleksow\u0105 obs\u0142ug\u0105 informatyczn\u0105 du\u017cych, \u015brednich i ma\u0142ych przedsi\u0119biorstw oraz urz\u0119d\u00f3w.<\/p>\n\n\n\n<p>Nale\u017cymy do sieci <strong>Autoryzowanych Partner\u00f3w Soneta<\/strong>, wdra\u017camy oprogramowanie <strong>ERP enova365<\/strong> do obs\u0142ugi firm na terenie ca\u0142ej Polski.<br><br>Specjalizujemy si\u0119 w obs\u0142udze przedsi\u0119biorstw produkcyjnych, handlowych, us\u0142ugowych, biur rachunkowych.<\/p>\n\n\n\n<p><strong>Dlaczego warto wybra\u0107 edat.pl ?<\/strong><\/p>\n\n\n\n<ul class=\"wp-block-list\">\n<li>Posiadamy dwudziestoletnie do\u015bwiadczenie w bran\u017cy.<\/li>\n\n\n\n<li>Stale podnosimy swoje kompetencje, aby by\u0107 na bie\u017c\u0105co z zachodz\u0105cymi zmianami technologicznymi i merytorycznymi, uczestniczymy w organizowanych przez Soneta szkoleniach handlowych i merytorycznych, szkoleniach z nowo\u015bci, corocznych konferencjach programistycznych i wdro\u017ceniowych, webinariach dotycz\u0105cych zmian w przepisach. Potwierdzaj\u0105 to certyfikaty.<\/li>\n\n\n\n<li>Doradzamy przy wyborze wersji oprogramowania, uwzgl\u0119dniaj\u0105c indywidualne potrzeby klienta.<\/li>\n\n\n\n<li>Zapewniamy pe\u0142ne wsparcie na ca\u0142ym etapie wdro\u017cenia systemu enova365 ERP.<\/li>\n\n\n\n<li>Naszych klient\u00f3w obejmujemy wszechstronn\u0105 opiek\u0105 powdro\u017ceniow\u0105.<\/li>\n<\/ul>\n\n\n\n<p><\/p>\n","protected":false},"excerpt":{"rendered":"<p>Oferujemy profesjonalne wdro\u017cenia program\u00f3w do zarz\u0105dzania firm\u0105, kt\u00f3re znacz\u0105co mog\u0105 pom\u00f3c Ci w osi\u0105gni\u0119ciu cel\u00f3w biznesowych. W edat.pl zajmujemy si\u0119 kompleksow\u0105 obs\u0142ug\u0105 informatyczn\u0105 du\u017cych, \u015brednich i ma\u0142ych przedsi\u0119biorstw oraz urz\u0119d\u00f3w. Nale\u017cymy do sieci Autoryzowanych Partner\u00f3w Soneta, wdra\u017camy oprogramowanie ERP enova365 do obs\u0142ugi firm na terenie ca\u0142ej Polski. Specjalizujemy si\u0119 w obs\u0142udze przedsi\u0119biorstw produkcyjnych, handlowych, us\u0142ugowych, [&hellip;]<\/p>\n","protected":false},"author":1,"featured_media":0,"parent":0,"menu_order":0,"comment_status":"closed","ping_status":"closed","template":"","meta":{"footnotes":""},"class_list":["post-25","page","type-page","status-publish","czr-hentry"],"_links":{"self":[{"href":"https:\/\/edat.pl\/index.php?rest_route=\/wp\/v2\/pages\/25","targetHints":{"allow":["GET"]}}],"collection":[{"href":"https:\/\/edat.pl\/index.php?rest_route=\/wp\/v2\/pages"}],"about":[{"href":"https:\/\/edat.pl\/index.php?rest_route=\/wp\/v2\/types\/page"}],"author":[{"embeddable":true,"href":"https:\/\/edat.pl\/index.php?rest_route=\/wp\/v2\/users\/1"}],"replies":[{"embeddable":true,"href":"https:\/\/edat.pl\/index.php?rest_route=%2Fwp%2Fv2%2Fcomments&post=25"}],"version-history":[{"count":16,"href":"https:\/\/edat.pl\/index.php?rest_route=\/wp\/v2\/pages\/25\/revisions"}],"predecessor-version":[{"id":1373,"href":"https:\/\/edat.pl\/index.php?rest_route=\/wp\/v2\/pages\/25\/revisions\/1373"}],"wp:attachment":[{"href":"https:\/\/edat.pl\/index.php?rest_route=%2Fwp%2Fv2%2Fmedia&parent=25"}],"curies":[{"name":"wp","href":"https:\/\/api.w.org\/{rel}","templated":true}]}}